{"id":2890,"date":"2022-09-14T10:27:17","date_gmt":"2022-09-13T23:27:17","guid":{"rendered":"http:\/\/pacte-grand-sud.nc\/ccce\/?page_id=2890"},"modified":"2025-09-23T16:07:51","modified_gmt":"2025-09-23T05:07:51","slug":"rapports-dactivite","status":"publish","type":"page","link":"https:\/\/pacte-grand-sud.nc\/ccce\/publications\/rapports-dactivite\/","title":{"rendered":"Rapports d&rsquo;activit\u00e9"},"content":{"rendered":"<div class=\"gb-container gb-container-9fabc5d5\"><div class=\"gb-inside-container\">\n<div class=\"gb-container gb-container-ef631ec3\"><div class=\"gb-inside-container\">\n\n<h1 class=\"gb-headline gb-headline-c1b11667 gb-headline-text\">Rapports d&rsquo;activit\u00e9<br><\/h1>\n\n<\/div><\/div>\n<\/div><\/div>\n\n<div class=\"gb-container gb-container-3e14e9c0\"><div class=\"gb-inside-container\">\n\n<h2 class=\"gb-headline gb-headline-3fb5009d gb-headline-text underlined_title\">T\u00e9l\u00e9chargez et consultez les rapports d&rsquo;activit\u00e9 du CCCE<\/h2>\n\n<\/div><\/div>\n\n<div class=\"gb-container gb-container-d0cfcf1d\"><div class=\"gb-inside-container\">\n    <div class=\"downloads\">\n\n\n                    <ul class=\"accordion\">\n                                        <li class=\"section_container\">\n                            <a class=\"toggle\" href=\"javascript:void(0);\">Rapports d'activit\u00e9 2024<\/a>\n                            <ul class=\"inner\">\n                                 <li class=\"document_link\"> <a target=\"_blank\" href=\"https:\/\/pacte-grand-sud.nc\/ccce\/wp-content\/uploads\/2025\/09\/CCCE_Rapport_activite_2024_Final.pdf\">CCCE_Rapport_activite_2024_Final<\/a><\/li>\n\n                                                            <\/ul>\n\n\n                        <\/li>\n                                        <li class=\"section_container\">\n                            <a class=\"toggle\" href=\"javascript:void(0);\">Rapport d'activit\u00e9 2023<\/a>\n                            <ul class=\"inner\">\n                                 <li class=\"document_link\"> <a target=\"_blank\" href=\"https:\/\/pacte-grand-sud.nc\/ccce\/wp-content\/uploads\/2025\/02\/Rapport-dactivite-2023.pdf\">Rapport-dactivite-2023<\/a><\/li>\n\n                                                            <\/ul>\n\n\n                        <\/li>\n                                        <li class=\"section_container\">\n                            <a class=\"toggle\" href=\"javascript:void(0);\">Rapport d'activit\u00e9 2022<\/a>\n                            <ul class=\"inner\">\n                                 <li class=\"document_link\"> <a target=\"_blank\" href=\"https:\/\/pacte-grand-sud.nc\/ccce\/wp-content\/uploads\/2024\/04\/Rapport-dactivite-2022.pdf\">Rapport d'activite\u0301 2022<\/a><\/li>\n\n                                                            <\/ul>\n\n\n                        <\/li>\n                                        <li class=\"section_container\">\n                            <a class=\"toggle\" href=\"javascript:void(0);\">Rapport d'activit\u00e9 2021<\/a>\n                            <ul class=\"inner\">\n                                 <li class=\"document_link\"> <a target=\"_blank\" href=\"https:\/\/pacte-grand-sud.nc\/ccce\/wp-content\/uploads\/2024\/03\/Rapport-dactivite-2021-.pdf\">Rapport d'activit\u00e9 2021<\/a><\/li>\n\n                                                            <\/ul>\n\n\n                        <\/li>\n                                        <li class=\"section_container\">\n                            <a class=\"toggle\" href=\"javascript:void(0);\">Rapport d'activit\u00e9 2020<\/a>\n                            <ul class=\"inner\">\n                                 <li class=\"document_link\"> <a target=\"_blank\" href=\"https:\/\/pacte-grand-sud.nc\/ccce\/wp-content\/uploads\/2024\/03\/Rapport-dactivite-2020.pdf\">Rapport d'activit\u00e9 2020<\/a><\/li>\n\n                                                            <\/ul>\n\n\n                        <\/li>\n                                        <li class=\"section_container\">\n                            <a class=\"toggle\" href=\"javascript:void(0);\">Rapport d'activit\u00e9 2019<\/a>\n                            <ul class=\"inner\">\n                                 <li class=\"document_link\"> <a target=\"_blank\" href=\"https:\/\/pacte-grand-sud.nc\/ccce\/wp-content\/uploads\/2024\/03\/Rapport-dactivite-2019.pdf\">Rapport d'activit\u00e9 2019<\/a><\/li>\n\n                                                            <\/ul>\n\n\n                        <\/li>\n                                        <li class=\"section_container\">\n                            <a class=\"toggle\" href=\"javascript:void(0);\">Rapport d'activit\u00e9 2017<\/a>\n                            <ul class=\"inner\">\n                                 <li class=\"document_link\"> <a target=\"_blank\" href=\"https:\/\/pacte-grand-sud.nc\/ccce\/wp-content\/uploads\/2022\/09\/RapportActivitesCCCE_2017.pdf\">BILAN MORAL 2017<\/a><\/li>\n\n                                                            <\/ul>\n\n\n                        <\/li>\n                                        <li class=\"section_container\">\n                            <a class=\"toggle\" href=\"javascript:void(0);\">Rapport d'activit\u00e9 2016<\/a>\n                            <ul class=\"inner\">\n                                 <li class=\"document_link\"> <a target=\"_blank\" href=\"https:\/\/pacte-grand-sud.nc\/ccce\/wp-content\/uploads\/2023\/02\/RapportActiviteCCCE_2016.pdf\">RapportActiviteCCCE_2016<\/a><\/li>\n\n                                                            <\/ul>\n\n\n                        <\/li>\n                                        <li class=\"section_container\">\n                            <a class=\"toggle\" href=\"javascript:void(0);\">Rapport d'activit\u00e9 2015<\/a>\n                            <ul class=\"inner\">\n                                 <li class=\"document_link\"> <a target=\"_blank\" href=\"https:\/\/pacte-grand-sud.nc\/ccce\/wp-content\/uploads\/2023\/02\/RapportActiviteCCCE_2015.pdf\">RapportActiviteCCCE_2015<\/a><\/li>\n\n                                                            <\/ul>\n\n\n                        <\/li>\n                                        <li class=\"section_container\">\n                            <a class=\"toggle\" href=\"javascript:void(0);\">Rapport d'activit\u00e9 2014<\/a>\n                            <ul class=\"inner\">\n                                 <li class=\"document_link\"> <a target=\"_blank\" href=\"https:\/\/pacte-grand-sud.nc\/ccce\/wp-content\/uploads\/2023\/02\/RA_2014.pdf\">RA_2014<\/a><\/li>\n\n                                                            <\/ul>\n\n\n                        <\/li>\n                                        <li class=\"section_container\">\n                            <a class=\"toggle\" href=\"javascript:void(0);\">Rapport d'activit\u00e9 2013<\/a>\n                            <ul class=\"inner\">\n                                 <li class=\"document_link\"> <a target=\"_blank\" href=\"https:\/\/pacte-grand-sud.nc\/ccce\/wp-content\/uploads\/2023\/02\/RA_2013.pdf\">RA_2013<\/a><\/li>\n\n                                                            <\/ul>\n\n\n                        <\/li>\n                                        <li class=\"section_container\">\n                            <a class=\"toggle\" href=\"javascript:void(0);\">Rapports d'activit\u00e9 2009-2010-2011<\/a>\n                            <ul class=\"inner\">\n                                 <li class=\"document_link\"> <a target=\"_blank\" href=\"https:\/\/pacte-grand-sud.nc\/ccce\/wp-content\/uploads\/2023\/02\/RA_2009_2010_2011.pdf\">RA_2009_2010_2011<\/a><\/li>\n\n                                                            <\/ul>\n\n\n                        <\/li>\n                \n            <\/ul>\n\n\n\n            <\/div>\n\n    \n\n<\/div><\/div>","protected":false},"excerpt":{"rendered":"<p>Rapports d&rsquo;activit\u00e9 T\u00e9l\u00e9chargez et consultez les rapports d&rsquo;activit\u00e9 du CCCE<\/p>\n","protected":false},"author":1,"featured_media":0,"parent":2886,"menu_order":0,"comment_status":"closed","ping_status":"closed","template":"","meta":{"_acf_changed":false,"footnotes":""},"categories":[],"class_list":["post-2890","page","type-page","status-publish"],"acf":[],"_links":{"self":[{"href":"https:\/\/pacte-grand-sud.nc\/ccce\/wp-json\/wp\/v2\/pages\/2890","targetHints":{"allow":["GET"]}}],"collection":[{"href":"https:\/\/pacte-grand-sud.nc\/ccce\/wp-json\/wp\/v2\/pages"}],"about":[{"href":"https:\/\/pacte-grand-sud.nc\/ccce\/wp-json\/wp\/v2\/types\/page"}],"author":[{"embeddable":true,"href":"https:\/\/pacte-grand-sud.nc\/ccce\/wp-json\/wp\/v2\/users\/1"}],"replies":[{"embeddable":true,"href":"https:\/\/pacte-grand-sud.nc\/ccce\/wp-json\/wp\/v2\/comments?post=2890"}],"version-history":[{"count":13,"href":"https:\/\/pacte-grand-sud.nc\/ccce\/wp-json\/wp\/v2\/pages\/2890\/revisions"}],"predecessor-version":[{"id":3593,"href":"https:\/\/pacte-grand-sud.nc\/ccce\/wp-json\/wp\/v2\/pages\/2890\/revisions\/3593"}],"up":[{"embeddable":true,"href":"https:\/\/pacte-grand-sud.nc\/ccce\/wp-json\/wp\/v2\/pages\/2886"}],"wp:attachment":[{"href":"https:\/\/pacte-grand-sud.nc\/ccce\/wp-json\/wp\/v2\/media?parent=2890"}],"wp:term":[{"taxonomy":"category","embeddable":true,"href":"https:\/\/pacte-grand-sud.nc\/ccce\/wp-json\/wp\/v2\/categories?post=2890"}],"curies":[{"name":"wp","href":"https:\/\/api.w.org\/{rel}","templated":true}]}}