{"id":3016,"date":"2022-09-15T09:39:59","date_gmt":"2022-09-14T22:39:59","guid":{"rendered":"http:\/\/pacte-grand-sud.nc\/ccce\/?page_id=3016"},"modified":"2024-04-26T09:14:15","modified_gmt":"2024-04-25T22:14:15","slug":"contact","status":"publish","type":"page","link":"https:\/\/pacte-grand-sud.nc\/ccce\/contact\/","title":{"rendered":"Contact"},"content":{"rendered":"<div class=\"gb-container gb-container-9fabc5d5\"><div class=\"gb-inside-container\">\n<div class=\"gb-container gb-container-ef631ec3\"><div class=\"gb-inside-container\">\n\n<h1 class=\"gb-headline gb-headline-c1b11667 gb-headline-text\">Rapports d&rsquo;activit\u00e9<br><\/h1>\n\n<\/div><\/div>\n<\/div><\/div>\n\n<div class=\"gb-container gb-container-ced22925\"><div class=\"gb-inside-container\"><\/div><\/div>\n\n<div class=\"gb-container gb-container-d2ab04a2\"><div class=\"gb-inside-container\">\n\n<h2 class=\"gb-headline gb-headline-6162227d gb-headline-text underlined_title\">Contactez-<strong>nous<\/strong><\/h2>\n\n\n<div class=\"gb-container gb-container-f8e1b091\"><div class=\"gb-inside-container\">\n<div class=\"gb-grid-wrapper gb-grid-wrapper-edd56019\">\n<div class=\"gb-grid-column gb-grid-column-c299f9be\"><div class=\"gb-container gb-container-c299f9be\"><div class=\"gb-inside-container\">\n\n<figure class=\"gb-block-image gb-block-image-638cc534\"><img loading=\"lazy\" decoding=\"async\" width=\"38\" height=\"38\" class=\"gb-image gb-image-638cc534\" src=\"https:\/\/pacte-grand-sud.nc\/ccce\/wp-content\/uploads\/2023\/02\/marker.png\" alt=\"\" title=\"marker\"\/><\/figure>\n\n\n\n<p class=\"has-text-align-center has-accent-color has-text-color\">85 avenue du G\u00e9n\u00e9ral De Gaulle<br>4\u00e8me \u00e9tage \u2013 Immeuble Carcopino 3000<br>98849 Noum\u00e9a cedex<\/p>\n\n<\/div><\/div><\/div>\n\n<div class=\"gb-grid-column gb-grid-column-2d38a8ea\"><div class=\"gb-container gb-container-2d38a8ea\"><div class=\"gb-inside-container\">\n\n<figure class=\"gb-block-image gb-block-image-8d4d57be\"><img loading=\"lazy\" decoding=\"async\" width=\"38\" height=\"38\" class=\"gb-image gb-image-8d4d57be\" src=\"https:\/\/pacte-grand-sud.nc\/ccce\/wp-content\/uploads\/2023\/02\/mail.png\" alt=\"\" title=\"mail\"\/><\/figure>\n\n\n\n<p class=\"has-text-align-center has-accent-color has-text-color\">Mme.Maeva SAICATRE<br>Coordinatrice<br>Comit\u00e9 Consultatif Coutumier Environnemental<\/p>\n\n\n\n<p class=\"has-text-align-center has-accent-color has-text-color\"><\/p>\n\n<\/div><\/div><\/div>\n<\/div>\n<\/div><\/div>\n<\/div><\/div>\n\n<div class=\"gb-container gb-container-c4469fa7\"><div class=\"gb-inside-container\">\n<div class=\"gb-container gb-container-a26c8c87\"><div class=\"gb-inside-container\">\n<div class=\"gb-grid-wrapper gb-grid-wrapper-49f5e80e\">\n<div class=\"gb-grid-column gb-grid-column-c0a7b9b3\"><div class=\"gb-container gb-container-c0a7b9b3\"><div class=\"gb-inside-container\">\n\n<h2 class=\"gb-headline gb-headline-a1c05e76 gb-headline-text\">Contactez-nous par email<\/h2>\n\n\n\n<p class=\"has-base-3-color has-text-color\">Pour tout resignement, n&rsquo;h\u00e9sitez pas \u00e0 entrer en contact avec nous. Nous vous r\u00e9pondrons d\u00e8s que possible<\/p>\n\n\n\n\n<div class=\"wpcf7 no-js\" id=\"wpcf7-f3376-o1\" lang=\"fr-FR\" dir=\"ltr\" data-wpcf7-id=\"3376\">\n<div class=\"screen-reader-response\"><p role=\"status\" aria-live=\"polite\" aria-atomic=\"true\"><\/p> <ul><\/ul><\/div>\n<form action=\"\/ccce\/wp-json\/wp\/v2\/pages\/3016#wpcf7-f3376-o1\" method=\"post\" class=\"wpcf7-form init\" aria-label=\"Formulaire de contact\" novalidate=\"novalidate\" data-status=\"init\">\n<div style=\"display: none;\">\n<input type=\"hidden\" name=\"_wpcf7\" value=\"3376\" \/>\n<input type=\"hidden\" name=\"_wpcf7_version\" value=\"6.0.6\" \/>\n<input type=\"hidden\" name=\"_wpcf7_locale\" value=\"fr_FR\" \/>\n<input type=\"hidden\" name=\"_wpcf7_unit_tag\" value=\"wpcf7-f3376-o1\" \/>\n<input type=\"hidden\" name=\"_wpcf7_container_post\" value=\"0\" \/>\n<input type=\"hidden\" name=\"_wpcf7_posted_data_hash\" value=\"\" \/>\n<\/div>\n<p><label style=\"color: white;\"> Nom (obligatoire)<br \/>\n<span class=\"wpcf7-form-control-wrap\" data-name=\"your-name\"><input size=\"40\" maxlength=\"400\" class=\"wpcf7-form-control wpcf7-text wpcf7-validates-as-required txt\" aria-required=\"true\" aria-invalid=\"false\" value=\"\" type=\"text\" name=\"your-name\" \/><\/span> <\/label>\n<\/p>\n<p><label style=\"color: white;\"> Pr\u00e9nom (obligatoire)<br \/>\n<span class=\"wpcf7-form-control-wrap\" data-name=\"your-firstname\"><input size=\"40\" maxlength=\"400\" class=\"wpcf7-form-control wpcf7-text wpcf7-validates-as-required txt\" aria-required=\"true\" aria-invalid=\"false\" value=\"\" type=\"text\" name=\"your-firstname\" \/><\/span> <\/label>\n<\/p>\n<p><label style=\"color: white;\"> E-mail (obligatoire)<br \/>\n<span class=\"wpcf7-form-control-wrap\" data-name=\"your-email\"><input size=\"40\" maxlength=\"400\" class=\"wpcf7-form-control wpcf7-email wpcf7-validates-as-required wpcf7-text wpcf7-validates-as-email txt\" aria-required=\"true\" aria-invalid=\"false\" value=\"\" type=\"email\" name=\"your-email\" \/><\/span> <\/label>\n<\/p>\n<p><label style=\"color: white;\"> Message (obligatoire)<br \/>\n<span class=\"wpcf7-form-control-wrap\" data-name=\"your-message\"><textarea cols=\"40\" rows=\"10\" maxlength=\"2000\" class=\"wpcf7-form-control wpcf7-textarea wpcf7-validates-as-required txt\" aria-required=\"true\" aria-invalid=\"false\" name=\"your-message\"><\/textarea><\/span> <\/label>\n<\/p>\n<p><span class=\"wpcf7-form-control-wrap\" data-name=\"checkbox-815\"><span class=\"wpcf7-form-control wpcf7-checkbox wpcf7-validates-as-required\" id=\"txt\"><span class=\"wpcf7-list-item first last\"><input type=\"checkbox\" name=\"checkbox-815[]\" value=\"En soumettant ce formulaire, j&#039;accepte que les informations saisies soient exploit\u00e9es dans le cadre de la demande de contact et de la relation commerciale qui peut en d\u00e9couler.\" \/><span class=\"wpcf7-list-item-label\">En soumettant ce formulaire, j&#039;accepte que les informations saisies soient exploit\u00e9es dans le cadre de la demande de contact et de la relation commerciale qui peut en d\u00e9couler.<\/span><\/span><\/span><\/span>\n<\/p>\n<p><span id=\"wpcf7-69f5c59e3d6d3-wrapper\" class=\"wpcf7-form-control-wrap honeypot-688-wrap\" style=\"display:none !important; visibility:hidden !important;\"><input type=\"hidden\" name=\"honeypot-688-time-start\" value=\"1777714590\"><input type=\"hidden\" name=\"honeypot-688-time-check\" value=\"4\"><label for=\"wpcf7-69f5c59e3d6d3-field\" class=\"hp-message\">Veuillez laisser ce champ vide.<\/label><input id=\"wpcf7-69f5c59e3d6d3-field\"  class=\"wpcf7-form-control wpcf7-text\" type=\"text\" name=\"honeypot-688\" value=\"\" size=\"40\" tabindex=\"-1\" autocomplete=\"new-password\" \/><\/span>\n<\/p>\n<p><input class=\"wpcf7-form-control wpcf7-submit has-spinner\" type=\"submit\" value=\"Envoyer\" \/>\n<\/p><p style=\"display: none !important;\" class=\"akismet-fields-container\" data-prefix=\"_wpcf7_ak_\"><label>&#916;<textarea name=\"_wpcf7_ak_hp_textarea\" cols=\"45\" rows=\"8\" maxlength=\"100\"><\/textarea><\/label><input type=\"hidden\" id=\"ak_js_1\" name=\"_wpcf7_ak_js\" value=\"45\"\/><script>document.getElementById( \"ak_js_1\" ).setAttribute( \"value\", ( new Date() ).getTime() );<\/script><\/p><div class=\"wpcf7-response-output\" aria-hidden=\"true\"><\/div>\n<\/form>\n<\/div>\n\n\n<\/div><\/div><\/div>\n\n<div class=\"gb-grid-column gb-grid-column-bcbd9559\"><div class=\"gb-container gb-container-bcbd9559\"><div class=\"gb-inside-container\"><\/div><\/div><\/div>\n<\/div>\n<\/div><\/div>\n\n\n<p><\/p>\n\n<\/div><\/div>","protected":false},"excerpt":{"rendered":"<p>Contactez-nous<\/p>\n","protected":false},"author":1,"featured_media":0,"parent":0,"menu_order":0,"comment_status":"closed","ping_status":"closed","template":"","meta":{"_acf_changed":false,"footnotes":""},"categories":[],"class_list":["post-3016","page","type-page","status-publish"],"acf":[],"_links":{"self":[{"href":"https:\/\/pacte-grand-sud.nc\/ccce\/wp-json\/wp\/v2\/pages\/3016","targetHints":{"allow":["GET"]}}],"collection":[{"href":"https:\/\/pacte-grand-sud.nc\/ccce\/wp-json\/wp\/v2\/pages"}],"about":[{"href":"https:\/\/pacte-grand-sud.nc\/ccce\/wp-json\/wp\/v2\/types\/page"}],"author":[{"embeddable":true,"href":"https:\/\/pacte-grand-sud.nc\/ccce\/wp-json\/wp\/v2\/users\/1"}],"replies":[{"embeddable":true,"href":"https:\/\/pacte-grand-sud.nc\/ccce\/wp-json\/wp\/v2\/comments?post=3016"}],"version-history":[{"count":14,"href":"https:\/\/pacte-grand-sud.nc\/ccce\/wp-json\/wp\/v2\/pages\/3016\/revisions"}],"predecessor-version":[{"id":3379,"href":"https:\/\/pacte-grand-sud.nc\/ccce\/wp-json\/wp\/v2\/pages\/3016\/revisions\/3379"}],"wp:attachment":[{"href":"https:\/\/pacte-grand-sud.nc\/ccce\/wp-json\/wp\/v2\/media?parent=3016"}],"wp:term":[{"taxonomy":"category","embeddable":true,"href":"https:\/\/pacte-grand-sud.nc\/ccce\/wp-json\/wp\/v2\/categories?post=3016"}],"curies":[{"name":"wp","href":"https:\/\/api.w.org\/{rel}","templated":true}]}}