{"id":305,"date":"2022-09-06T13:33:53","date_gmt":"2022-09-06T02:33:53","guid":{"rendered":"http:\/\/pacte-grand-sud.nc\/ccce\/?page_id=305"},"modified":"2025-01-10T09:33:41","modified_gmt":"2025-01-09T22:33:41","slug":"nos-missions-dans-laire-drubea-kapume","status":"publish","type":"page","link":"https:\/\/pacte-grand-sud.nc\/ccce\/presentation\/nos-missions-dans-laire-drubea-kapume\/","title":{"rendered":"Nos missions dans l&rsquo;aire Drubea-Kapum\u00eb"},"content":{"rendered":"<div class=\"gb-container gb-container-9fabc5d5\"><div class=\"gb-inside-container\">\n<div class=\"gb-container gb-container-ef631ec3\"><div class=\"gb-inside-container\">\n\n<h1 class=\"gb-headline gb-headline-c1b11667 gb-headline-text\">Nos <br>missions <br>dans l&rsquo;aire <br><strong>Drubea-Kapum\u00eb<\/strong><\/h1>\n\n<\/div><\/div>\n<\/div><\/div>\n\n<div class=\"gb-container gb-container-686afdd3\"><div class=\"gb-inside-container\">\n<div class=\"gb-grid-wrapper gb-grid-wrapper-d8315cfb\">\n<div class=\"gb-grid-column gb-grid-column-d0a4b3e5\"><div class=\"gb-container gb-container-d0a4b3e5\"><a class=\"gb-container-link\" href=\"\/ccce\/presentation\/une-vision-autochtone-de-lenvironnement\/\"><\/a><div class=\"gb-inside-container\">\n\n<p class=\"gb-headline gb-headline-a822a0f4 gb-headline-text\">Une vision <strong>autochtone <\/strong><br>de l&rsquo;environnement<\/p>\n\n<\/div><\/div><\/div>\n\n<div class=\"gb-grid-column gb-grid-column-f3a1e8aa\"><div class=\"gb-container gb-container-f3a1e8aa\"><a class=\"gb-container-link\" href=\"\/ccce\/presentation\/nos-missions-dans-laire-drubea-kapume\/\"><\/a><div class=\"gb-inside-container\">\n\n<p class=\"gb-headline gb-headline-b5704be9 gb-headline-text\">Nos <strong>missions <\/strong><br>dans l&rsquo;aire Drub\u00e9a-Kapum\u00e9<\/p>\n\n<\/div><\/div><\/div>\n\n<div class=\"gb-grid-column gb-grid-column-42d6b73d\"><div class=\"gb-container gb-container-42d6b73d\"><a class=\"gb-container-link\" href=\"https:\/\/pacte-grand-sud.nc\/ccce\/presentation\/notre-gouvernance\/\"><\/a><div class=\"gb-inside-container\">\n\n<p class=\"gb-headline gb-headline-9412dddd gb-headline-text\">Notre <br><strong>gouvernance<\/strong><\/p>\n\n<\/div><\/div><\/div>\n<\/div>\n<\/div><\/div>\n\n<div class=\"gb-container gb-container-9c99a6f4\"><div class=\"gb-inside-container\">\n\n<h2 class=\"gb-headline gb-headline-6162227d gb-headline-text underlined_title\">Nos missions dans l&rsquo;aire Drubea-Kapum\u00eb<\/h2>\n\n\n\n<p class=\"gb-headline gb-headline-cdeec486 gb-headline-text\">Les techniciens et l\u2019ing\u00e9nieur, au travers d\u2019une convention de mise \u00e0 disposition entre le CCCE et la direction de Prony Resources NC, sont int\u00e9gr\u00e9s dans des postes cl\u00e9s ayant un lien avec l\u2019environnement afin de r\u00e9pondre \u00e0 quatre objectifs&nbsp;:<\/p>\n\n\n<div class=\"gb-grid-wrapper gb-grid-wrapper-fd823f00\">\n<div class=\"gb-grid-column gb-grid-column-fe62e72d\"><div class=\"gb-container gb-container-fe62e72d picto_container\"><div class=\"gb-inside-container\">\n\n<figure class=\"gb-block-image gb-block-image-9e798ecf\"><img loading=\"lazy\" decoding=\"async\" width=\"100\" height=\"100\" class=\"gb-image gb-image-9e798ecf picto\" src=\"https:\/\/pacte-grand-sud.nc\/ccce\/wp-content\/uploads\/2022\/09\/garantie.png\" alt=\"\" title=\"garantie\"\/><\/figure>\n\n\n\n<p class=\"has-text-align-center has-accent-color has-text-color\">Garantir la bonne ex\u00e9cution des proc\u00e9d\u00e9s environnementaux de l\u2019\u00e9quipe de Prony Resources&nbsp;<\/p>\n\n<\/div><\/div><\/div>\n\n<div class=\"gb-grid-column gb-grid-column-467105d7\"><div class=\"gb-container gb-container-467105d7 picto_container\"><div class=\"gb-inside-container\">\n\n<figure class=\"gb-block-image gb-block-image-c2a9f748\"><img loading=\"lazy\" decoding=\"async\" width=\"100\" height=\"100\" class=\"gb-image gb-image-c2a9f748 picto\" src=\"https:\/\/pacte-grand-sud.nc\/ccce\/wp-content\/uploads\/2022\/09\/premier.png\" alt=\"\" title=\"premier\"\/><\/figure>\n\n\n\n<p class=\"has-text-align-center has-accent-color has-text-color\">\u00catre les premiers \u00e0 l\u2019avis et au constat lors d\u2019un incident environnemental&nbsp;<\/p>\n\n<\/div><\/div><\/div>\n\n<div class=\"gb-grid-column gb-grid-column-91350222\"><div class=\"gb-container gb-container-91350222 picto_container\"><div class=\"gb-inside-container\">\n\n<figure class=\"gb-block-image gb-block-image-a6185c24\"><img loading=\"lazy\" decoding=\"async\" width=\"100\" height=\"100\" class=\"gb-image gb-image-a6185c24 picto\" src=\"https:\/\/pacte-grand-sud.nc\/ccce\/wp-content\/uploads\/2022\/09\/Force_proposition.png\" alt=\"\" title=\"Force_proposition\"\/><\/figure>\n\n\n\n<p class=\"has-text-align-center has-accent-color has-text-color\">Repr\u00e9senter une force de proposition\/recommandation pour l\u2019\u00e9quipe de Prony Resources&nbsp;<\/p>\n\n<\/div><\/div><\/div>\n\n<div class=\"gb-grid-column gb-grid-column-863d8187\"><div class=\"gb-container gb-container-863d8187 picto_container\"><div class=\"gb-inside-container\">\n\n<figure class=\"gb-block-image gb-block-image-42fca636\"><img loading=\"lazy\" decoding=\"async\" width=\"100\" height=\"100\" class=\"gb-image gb-image-42fca636 picto\" src=\"https:\/\/pacte-grand-sud.nc\/ccce\/wp-content\/uploads\/2022\/09\/Aide.png\" alt=\"\" title=\"Aide\"\/><\/figure>\n\n\n\n<p class=\"has-text-align-center has-accent-color has-text-color\">Aider \u00e0 la bonne marche et \u00e0 la r\u00e9alisation des missions li\u00e9s \u00e0 l\u2019environnement&nbsp;<\/p>\n\n<\/div><\/div><\/div>\n<\/div>\n\n<div class=\"gb-container gb-container-811a38dd\"><div class=\"gb-inside-container\">\n\n<p class=\"has-text-align-center text-align-justify\">Dans le but de garantir un suivi environnemental adapt\u00e9 aux enjeux miniers de la zone, Les techniciens et l\u2019ing\u00e9nieur interviendront prioritairement sur les sites de Prony Ressources suivants&nbsp;:<\/p>\n\n<\/div><\/div>\n<\/div><\/div>\n\n<div class=\"gb-container gb-container-dbbda17c\"><div class=\"gb-inside-container\">\n\n<figure class=\"gb-block-image gb-block-image-1ca17306\"><img loading=\"lazy\" decoding=\"async\" width=\"1288\" height=\"398\" class=\"gb-image gb-image-1ca17306\" src=\"https:\/\/pacte-grand-sud.nc\/ccce\/wp-content\/uploads\/2022\/09\/4-suivis.png\" alt=\"\" title=\"4-suivis\" srcset=\"https:\/\/pacte-grand-sud.nc\/ccce\/wp-content\/uploads\/2022\/09\/4-suivis.png 1288w, https:\/\/pacte-grand-sud.nc\/ccce\/wp-content\/uploads\/2022\/09\/4-suivis-300x93.png 300w, https:\/\/pacte-grand-sud.nc\/ccce\/wp-content\/uploads\/2022\/09\/4-suivis-1024x316.png 1024w, https:\/\/pacte-grand-sud.nc\/ccce\/wp-content\/uploads\/2022\/09\/4-suivis-768x237.png 768w\" sizes=\"auto, (max-width: 1288px) 100vw, 1288px\" \/>\n<figcaption class=\"gb-headline gb-headline-aa7512a4 gb-headline-text\"><\/figcaption>\n<\/figure>\n\n<\/div><\/div>\n\n<div class=\"gb-container gb-container-304c0a02\"><div class=\"gb-inside-container\"><\/div><\/div>\n\n<div class=\"gb-container gb-container-ed969f79\"><div class=\"gb-inside-container\"><\/div><\/div>\n\n<div class=\"gb-grid-wrapper gb-grid-wrapper-214eeb87\">\n<div class=\"gb-grid-column gb-grid-column-89124550\"><div class=\"gb-container gb-container-89124550\"><div class=\"gb-inside-container\"><\/div><\/div><\/div>\n\n<div class=\"gb-grid-column gb-grid-column-9ab5b724\"><div class=\"gb-container gb-container-9ab5b724\"><div class=\"gb-inside-container\">\n\n<p class=\"has-text-align-left has-base-3-color has-text-color has-medium-font-size\"><strong>En cons\u00e9quence :<\/strong><\/p>\n\n\n\n<ul class=\"wp-block-list\">\n<li>Le CCCE a la possibilit\u00e9 de mettre en \u0153uvre des programmes d\u2019\u00e9tudes environnementales concernant l\u2019exploitation et son impact.<\/li>\n\n\n\n<li>Le CCCE peut donner un avis sur le programme de gestion environnemental de l\u2019usine du Sud et sur le protocole de surveillance en tenant compte du cadre r\u00e9glementaire applicable.<\/li>\n\n\n\n<li>Le CCCE doit permettre de favoriser l\u2019information continue des populations voisines et de participer au d\u00e9veloppement continu des programmes de surveillance et de suivi des op\u00e9rations d\u2019exploitation.<\/li>\n\n\n\n<li>Le CCCE peut formuler des avis concernant notamment les documents suivants :\n<ul class=\"wp-block-list\">\n<li>le plan d\u2019exploitation des espaces susceptibles d\u2019\u00eatre impact\u00e9s de fa\u00e7on significative<\/li>\n\n\n\n<li>les programmes de surveillance environnementale et les programmes de suivi des op\u00e9rations<\/li>\n\n\n\n<li>les r\u00e9sultats des op\u00e9rations de surveillance du site et des autres donn\u00e9es \u00e0 caract\u00e8re environnemental<\/li>\n\n\n\n<li>le bilan environnemental annuel<\/li>\n\n\n\n<li>les plans d\u2019intervention environnementaux, d\u2019intervention d\u2019urgence et les plans de fermeture.<\/li>\n<\/ul>\n<\/li>\n\n\n\n<li>Le CCCE a la possibilit\u00e9 de formuler des recommandations \u00e0 la soci\u00e9t\u00e9 Prony Resources NC sur les mesures \u00e0 prendre afin de pr\u00e9venir ou minimiser l\u2019impact des op\u00e9rations sur l\u2019environnement.Compte tenu de la pertinence des avis et des recommandations du CCCE, Prony Resources NC s\u2019engage \u00e0 mettre en \u0153uvre les dispositifs de corrections de mani\u00e8re \u00e0 maintenir une situation de conformit\u00e9 au regard des normes environnementales applicables au projet.<\/li>\n<\/ul>\n\n<\/div><\/div><\/div>\n<\/div>\n\n<div class=\"gb-container gb-container-b675cecb\"><div class=\"gb-inside-container\">\n\n<p class=\"has-text-align-center has-base-3-color has-text-color\"><strong>Aujourd\u2019hui le CCCE, gr\u00e2ce a plus d\u2019autonomie, pourra \u00e9galement r\u00e9pondre \u00e0 d\u2019autres objectifs et des probl\u00e9matiques environnementales en dehors du p\u00e9rim\u00e8tre administratif de Prony Resources. &nbsp;<\/strong><\/p>\n\n<\/div><\/div>\n\n<div class=\"gb-container gb-container-97ac2493\"><div class=\"gb-inside-container\">\n\n<p class=\"has-text-align-center\">Le CCCE s\u2019est dot\u00e9 pour cela de ses propres techniciens afin de r\u00e9pondre aux interrogations toujours plus pressantes des populations de l\u2019aire Drubea-Kapum\u00eb. De mani\u00e8re g\u00e9n\u00e9rale, les missions des techniciens environnementaux recrut\u00e9s directement par le CCCE rentreront en phase avec les objectifs globaux du PACTE.<\/p>\n\n\n<div class=\"gb-grid-wrapper gb-grid-wrapper-fdd977be\">\n<div class=\"gb-grid-column gb-grid-column-aaf13eb5\"><div class=\"gb-container gb-container-aaf13eb5 picto_container\"><div class=\"gb-inside-container\">\n\n<figure class=\"gb-block-image gb-block-image-dac4351d\"><img loading=\"lazy\" decoding=\"async\" width=\"100\" height=\"100\" class=\"gb-image gb-image-dac4351d picto\" src=\"https:\/\/pacte-grand-sud.nc\/ccce\/wp-content\/uploads\/2022\/09\/Casque.png\" alt=\"\" title=\"Casque\"\/><\/figure>\n\n\n\n<p class=\"has-text-align-center has-accent-color has-text-color\"><strong>Coop\u00e9ration avec les techniciens environnementaux recrut\u00e9s par PRNC et mis \u00e0 disposition et information continue des populations voisines&nbsp;<\/strong><\/p>\n\n<\/div><\/div><\/div>\n\n<div class=\"gb-grid-column gb-grid-column-55264e60\"><div class=\"gb-container gb-container-55264e60 picto_container\"><div class=\"gb-inside-container\">\n\n<figure class=\"gb-block-image gb-block-image-911f5583\"><img loading=\"lazy\" decoding=\"async\" width=\"100\" height=\"100\" class=\"gb-image gb-image-911f5583 picto\" src=\"https:\/\/pacte-grand-sud.nc\/ccce\/wp-content\/uploads\/2022\/09\/recommandation.png\" alt=\"\" title=\"recommandation\"\/><\/figure>\n\n\n\n<p class=\"has-text-align-center has-accent-color has-text-color\"><strong>Pr\u00e9paration de recommandations \u00e0 PRNC sur les mesures \u00e0 prendre afin de pr\u00e9venir ou de minimiser l\u2019impact des op\u00e9rations sur l\u2019environnement hors site et dans toutes zones potentiellement impact\u00e9es par l\u2019exploitation industrielle et mini\u00e8re de PRNC&nbsp;<\/strong><\/p>\n\n<\/div><\/div><\/div>\n\n<div class=\"gb-grid-column gb-grid-column-fd857ea4\"><div class=\"gb-container gb-container-fd857ea4 picto_container\"><div class=\"gb-inside-container\">\n\n<figure class=\"gb-block-image gb-block-image-7b693f20\"><img loading=\"lazy\" decoding=\"async\" width=\"100\" height=\"100\" class=\"gb-image gb-image-7b693f20 picto\" src=\"https:\/\/pacte-grand-sud.nc\/ccce\/wp-content\/uploads\/2022\/09\/preconisation-etudes.png\" alt=\"\" title=\"pr\u00e9conisation-etudes\"\/><\/figure>\n\n\n\n<p class=\"has-text-align-center has-accent-color has-text-color\"><strong>Pr\u00e9conisation d\u2019\u00e9tude environnementale \u00e0 l\u2019attention du Conseil du CCCE<\/strong><\/p>\n\n<\/div><\/div><\/div>\n<\/div>\n\n<div class=\"gb-grid-wrapper gb-grid-wrapper-e06745f7\">\n<div class=\"gb-grid-column gb-grid-column-0436964d\"><div class=\"gb-container gb-container-0436964d picto_container\"><div class=\"gb-inside-container\">\n\n<figure class=\"gb-block-image gb-block-image-7ebdbc52\"><img loading=\"lazy\" decoding=\"async\" width=\"100\" height=\"100\" class=\"gb-image gb-image-7ebdbc52 picto\" src=\"https:\/\/pacte-grand-sud.nc\/ccce\/wp-content\/uploads\/2022\/09\/engrenage.png\" alt=\"\" title=\"engrenage\"\/><\/figure>\n\n\n\n<p class=\"has-text-align-center has-accent-color has-text-color\"><strong>\u00c9laboration d\u2019une strat\u00e9gie de mise en valeur du savoir traditionnel kanak au sein des op\u00e9rations&nbsp;<\/strong><\/p>\n\n<\/div><\/div><\/div>\n\n<div class=\"gb-grid-column gb-grid-column-322d3dc3\"><div class=\"gb-container gb-container-322d3dc3 picto_container\"><div class=\"gb-inside-container\">\n\n<figure class=\"gb-block-image gb-block-image-70d76647\"><img loading=\"lazy\" decoding=\"async\" width=\"100\" height=\"100\" class=\"gb-image gb-image-70d76647 picto\" src=\"https:\/\/pacte-grand-sud.nc\/ccce\/wp-content\/uploads\/2022\/09\/Communication_resultats.png\" alt=\"\" title=\"Communication_resultats\"\/><\/figure>\n\n\n\n<p class=\"has-text-align-center has-accent-color has-text-color\"><strong>Communication des r\u00e9sultats de leur mission au CCCE et coordination avec les techniciens environnementaux recrut\u00e9s par PRNC<\/strong><\/p>\n\n<\/div><\/div><\/div>\n<\/div>\n<\/div><\/div>\n\n<div class=\"gb-container gb-container-ccaed565\"><div class=\"gb-inside-container\">\n\n<p class=\"has-text-align-center\">Dans le but de r\u00e9aliser leur mission en ad\u00e9quation avec les enjeux industriels et miniers de la zone, les techniciens du CCCE interviendront prioritairement&nbsp;:<\/p>\n\n\n\n<ul class=\"wp-block-list\">\n<li>Hors du site couvert par les autorisations environnementales et mini\u00e8res de Prony Ressources<\/li>\n\n\n\n<li>Sur tout site g\u00e9ographique&nbsp; potentiellement impact\u00e9 par l\u2019activit\u00e9 industrielle et mini\u00e8re de PRONY RESOURCES NC<\/li>\n<\/ul>\n\n\n\n<p class=\"has-text-align-center\">L\u2019objectif de leur mission sera<\/p>\n\n\n<div class=\"gb-grid-wrapper gb-grid-wrapper-33919a8b\">\n<div class=\"gb-grid-column gb-grid-column-7844205f\"><div class=\"gb-container gb-container-7844205f picto_container\"><div class=\"gb-inside-container\">\n\n<figure class=\"gb-block-image gb-block-image-24bd5e49\"><img loading=\"lazy\" decoding=\"async\" width=\"100\" height=\"100\" class=\"gb-image gb-image-24bd5e49 picto\" src=\"https:\/\/pacte-grand-sud.nc\/ccce\/wp-content\/uploads\/2022\/09\/mise-en-oeuvre.png\" alt=\"\" title=\"mise-en-oeuvre\"\/><\/figure>\n\n\n\n<p class=\"has-text-align-center has-accent-color has-text-color\"><strong>Mettre en \u0153uvre le protocole CCCE en termes de suivi environnemental&nbsp;<\/strong><\/p>\n\n<\/div><\/div><\/div>\n\n<div class=\"gb-grid-column gb-grid-column-39d5be6b\"><div class=\"gb-container gb-container-39d5be6b picto_container\"><div class=\"gb-inside-container\">\n\n<figure class=\"gb-block-image gb-block-image-f511803a\"><img loading=\"lazy\" decoding=\"async\" width=\"100\" height=\"100\" class=\"gb-image gb-image-f511803a picto\" src=\"https:\/\/pacte-grand-sud.nc\/ccce\/wp-content\/uploads\/2022\/09\/recommandations.png\" alt=\"\" title=\"recommandations\"\/><\/figure>\n\n\n\n<p class=\"has-text-align-center has-accent-color has-text-color\"><strong>Permettre au CCCE de formuler des recommandations \u00e0 PRNC sur les mesures \u00e0 prendre afin de pr\u00e9venir ou de minimiser l\u2019impact des op\u00e9rations sur l\u2019environnement limitrophe&nbsp;<\/strong><\/p>\n\n<\/div><\/div><\/div>\n\n<div class=\"gb-grid-column gb-grid-column-8d0008fa\"><div class=\"gb-container gb-container-8d0008fa picto_container\"><div class=\"gb-inside-container\">\n\n<figure class=\"gb-block-image gb-block-image-43ceda59\"><img loading=\"lazy\" decoding=\"async\" width=\"100\" height=\"100\" class=\"gb-image gb-image-43ceda59 picto\" src=\"https:\/\/pacte-grand-sud.nc\/ccce\/wp-content\/uploads\/2022\/09\/Dev_communication.png\" alt=\"\" title=\"Dev_communication\"\/><\/figure>\n\n\n\n<p class=\"has-text-align-center has-accent-color has-text-color\"><strong>D\u00e9velopper une communication aupr\u00e8s des populations qui r\u00e9ponde de mani\u00e8re adapt\u00e9e aux pr\u00e9occupations de ces derni\u00e8res&nbsp;<\/strong><\/p>\n\n<\/div><\/div><\/div>\n<\/div>\n<\/div><\/div>","protected":false},"excerpt":{"rendered":"<p>Nos missions dans l&rsquo;aire Drubea-Kapum\u00eb Nos missions dans l&rsquo;aire Drubea-Kapum\u00eb Les techniciens et l\u2019ing\u00e9nieur, au travers d\u2019une convention de mise \u00e0 disposition entre le CCCE et la direction de Prony Resources NC, sont int\u00e9gr\u00e9s dans des postes cl\u00e9s ayant un lien avec l\u2019environnement afin de r\u00e9pondre \u00e0 quatre objectifs&nbsp;: Dans le but de garantir un &#8230; <a title=\"Nos missions dans l&rsquo;aire Drubea-Kapum\u00eb\" class=\"read-more\" href=\"https:\/\/pacte-grand-sud.nc\/ccce\/presentation\/nos-missions-dans-laire-drubea-kapume\/\" aria-label=\"En savoir plus sur Nos missions dans l&rsquo;aire Drubea-Kapum\u00eb\">Lire plus<\/a><\/p>\n","protected":false},"author":1,"featured_media":0,"parent":240,"menu_order":2,"comment_status":"closed","ping_status":"closed","template":"","meta":{"_acf_changed":false,"footnotes":""},"categories":[],"class_list":["post-305","page","type-page","status-publish"],"acf":[],"_links":{"self":[{"href":"https:\/\/pacte-grand-sud.nc\/ccce\/wp-json\/wp\/v2\/pages\/305","targetHints":{"allow":["GET"]}}],"collection":[{"href":"https:\/\/pacte-grand-sud.nc\/ccce\/wp-json\/wp\/v2\/pages"}],"about":[{"href":"https:\/\/pacte-grand-sud.nc\/ccce\/wp-json\/wp\/v2\/types\/page"}],"author":[{"embeddable":true,"href":"https:\/\/pacte-grand-sud.nc\/ccce\/wp-json\/wp\/v2\/users\/1"}],"replies":[{"embeddable":true,"href":"https:\/\/pacte-grand-sud.nc\/ccce\/wp-json\/wp\/v2\/comments?post=305"}],"version-history":[{"count":66,"href":"https:\/\/pacte-grand-sud.nc\/ccce\/wp-json\/wp\/v2\/pages\/305\/revisions"}],"predecessor-version":[{"id":3394,"href":"https:\/\/pacte-grand-sud.nc\/ccce\/wp-json\/wp\/v2\/pages\/305\/revisions\/3394"}],"up":[{"embeddable":true,"href":"https:\/\/pacte-grand-sud.nc\/ccce\/wp-json\/wp\/v2\/pages\/240"}],"wp:attachment":[{"href":"https:\/\/pacte-grand-sud.nc\/ccce\/wp-json\/wp\/v2\/media?parent=305"}],"wp:term":[{"taxonomy":"category","embeddable":true,"href":"https:\/\/pacte-grand-sud.nc\/ccce\/wp-json\/wp\/v2\/categories?post=305"}],"curies":[{"name":"wp","href":"https:\/\/api.w.org\/{rel}","templated":true}]}}